{"id":66,"date":"2022-08-23T17:59:30","date_gmt":"2022-08-23T14:59:30","guid":{"rendered":"https:\/\/mirrefah.com\/?page_id=66"},"modified":"2022-08-23T18:25:32","modified_gmt":"2022-08-23T15:25:32","slug":"iletisim","status":"publish","type":"page","link":"https:\/\/mirrefah.com\/en\/iletisim\/","title":{"rendered":"Contact"},"content":{"rendered":"<p><strong>Adres:<\/strong> T\u00fcnel Ge\u00e7idi C Blok Asmal\u0131 Mescit Mahallesi General Yazgan Sk. No:1,\u00a0 Kat:3 Ofis: 336\u00a0 \u00a0Posta Kodu:34430 Beyo\u011flu\/\u0130stanbul, T\u00fcrkiye<\/p>\n<p><strong>Gsm:<\/strong> +905510527404<\/p>\n<p><strong>Maps:<\/strong> https:\/\/goo.gl\/maps\/iKrjzYBg4FMkrffy6<\/p>\n","protected":false},"excerpt":{"rendered":"<p>Adres: T\u00fcnel Ge\u00e7idi C Blok Asmal\u0131 Mescit Mahallesi General Yazgan Sk. No:1,\u00a0 Kat:3 Ofis: 336\u00a0 \u00a0Posta Kodu:34430 Beyo\u011flu\/\u0130stanbul, T\u00fcrkiye Gsm: +905510527404 Maps: https:\/\/goo.gl\/maps\/iKrjzYBg4FMkrffy6<\/p>\n","protected":false},"author":1,"featured_media":0,"parent":0,"menu_order":0,"comment_status":"closed","ping_status":"closed","template":"","meta":{"gutenify_custom_css":"","gutenify_custom_css_data":"","footnotes":""},"_links":{"self":[{"href":"https:\/\/mirrefah.com\/en\/wp-json\/wp\/v2\/pages\/66"}],"collection":[{"href":"https:\/\/mirrefah.com\/en\/wp-json\/wp\/v2\/pages"}],"about":[{"href":"https:\/\/mirrefah.com\/en\/wp-json\/wp\/v2\/types\/page"}],"author":[{"embeddable":true,"href":"https:\/\/mirrefah.com\/en\/wp-json\/wp\/v2\/users\/1"}],"replies":[{"embeddable":true,"href":"https:\/\/mirrefah.com\/en\/wp-json\/wp\/v2\/comments?post=66"}],"version-history":[{"count":5,"href":"https:\/\/mirrefah.com\/en\/wp-json\/wp\/v2\/pages\/66\/revisions"}],"predecessor-version":[{"id":82,"href":"https:\/\/mirrefah.com\/en\/wp-json\/wp\/v2\/pages\/66\/revisions\/82"}],"wp:attachment":[{"href":"https:\/\/mirrefah.com\/en\/wp-json\/wp\/v2\/media?parent=66"}],"curies":[{"name":"wp","href":"https:\/\/api.w.org\/{rel}","templated":true}]}}